{"id":1673,"date":"2014-12-04T20:19:02","date_gmt":"2014-12-05T00:19:02","guid":{"rendered":"https:\/\/mediahint.com\/support\/comienza-a-utilizar-mediahint-para-windows"},"modified":"2015-01-14T15:36:09","modified_gmt":"2015-01-14T19:36:09","slug":"comienza-a-utilizar-mediahint-para-windows","status":"publish","type":"page","link":"http:\/\/mediahint.support\/support\/es\/comienza-a-utilizar-mediahint-para-windows","title":{"rendered":"Comienza a utilizar MediaHint para Windows"},"content":{"rendered":"<p>MediaHint para Windows ampl\u00eda los servicios ya excelentes de la extensi\u00f3n para navegadores, a fin de que puedas ver contenido desbloqueado directamente en aplicaciones como las de Netflix, Hulu Plus, Pandora y Spotify, que se encuentran en las versiones m\u00e1s nuevas de Windows. La instalaci\u00f3n de MediaHint para Windows tambi\u00e9n te permite utilizar Internet Explorer si es tu navegador preferido. De todos modos, puedes acceder a excelentes contenidos desbloqueados utilizando Firefox y Chrome con la extensi\u00f3n para navegadores o instalando MediaHint para Windows.<br \/>\n<a class=\"download-button\" href=\"https:\/\/b488d1227750a90e5946-c89ddd6e75b94bccf1f382780acd3fe3.ssl.cf5.rackcdn.com\/1.8\/setup.exe\">DESCARGAR PARA WINDOWS<\/a><\/p>\n<h4>Consulta nuestra Gu\u00eda r\u00e1pida de instalaci\u00f3n para comenzar.<\/h4>\n<div class=\"su-row\">\n<div class=\"su-column su-column-size-1-4\"><div class=\"su-column-inner su-u-clearfix su-u-trim\">\n<img loading=\"lazy\" decoding=\"async\" class=\"alignnone size-full wp-image-1423\" src=\"https:\/\/mediahint.com\/support\/wp-content\/uploads\/2014\/11\/browser_login.png\" alt=\"browser_login\" width=\"340\" height=\"315\" srcset=\"http:\/\/mediahint.support\/support\/wp-content\/uploads\/2014\/11\/browser_login.png 340w, http:\/\/mediahint.support\/support\/wp-content\/uploads\/2014\/11\/browser_login-300x277.png 300w\" sizes=\"auto, (max-width: 340px) 100vw, 340px\" \/><\/p>\n<h5>Paso 1:<\/h5>\n<p>Inicia sesi\u00f3n en tu cuenta en https:\/\/mediahint.com.<\/div><\/div>\n<div class=\"su-column su-column-size-1-4\"><div class=\"su-column-inner su-u-clearfix su-u-trim\">\n<img loading=\"lazy\" decoding=\"async\" class=\"alignnone size-full wp-image-1441\" src=\"https:\/\/mediahint.com\/support\/wp-content\/uploads\/2014\/11\/install_icon1.png\" alt=\"install_icon\" width=\"340\" height=\"315\" srcset=\"http:\/\/mediahint.support\/support\/wp-content\/uploads\/2014\/11\/install_icon1.png 340w, http:\/\/mediahint.support\/support\/wp-content\/uploads\/2014\/11\/install_icon1-300x277.png 300w\" sizes=\"auto, (max-width: 340px) 100vw, 340px\" \/><\/p>\n<h5>Paso 2:<\/h5>\n<p><a href=\"https:\/\/b488d1227750a90e5946-c89ddd6e75b94bccf1f382780acd3fe3.ssl.cf5.rackcdn.com\/1.8\/setup.exe\">Descarga<\/a> la aplicaci\u00f3n de MediaHint y gu\u00e1rdala en tu computadora.<\/div><\/div>\n<div class=\"su-column su-column-size-1-4\"><div class=\"su-column-inner su-u-clearfix su-u-trim\">\n<img loading=\"lazy\" decoding=\"async\" class=\"alignnone size-full wp-image-1444\" src=\"https:\/\/mediahint.com\/support\/wp-content\/uploads\/2014\/11\/install_wizard1.png\" alt=\"install_wizard\" width=\"340\" height=\"315\" srcset=\"http:\/\/mediahint.support\/support\/wp-content\/uploads\/2014\/11\/install_wizard1.png 340w, http:\/\/mediahint.support\/support\/wp-content\/uploads\/2014\/11\/install_wizard1-300x277.png 300w\" sizes=\"auto, (max-width: 340px) 100vw, 340px\" \/><\/p>\n<h5>Paso 3:<\/h5>\n<p>Haz doble clic en el \u00edcono de instalaci\u00f3n y sigue los pasos sencillos para completar el proceso. Si tienes preguntas acerca de la instalaci\u00f3n, <a href=\"\/es\/ajustes\/instalacion-de-la-aplicacion-en-windows\">haz clic aqu\u00ed para acceder a un tutorial paso a paso.<\/a><\/div><\/div>\n<div class=\"su-column su-column-size-1-4\"><div class=\"su-column-inner su-u-clearfix su-u-trim\">\n<img loading=\"lazy\" decoding=\"async\" class=\"alignnone size-full wp-image-1430\" src=\"https:\/\/mediahint.com\/support\/wp-content\/uploads\/2014\/11\/watch_withMediaHint.png\" alt=\"watch_withMediaHint\" width=\"340\" height=\"315\" srcset=\"http:\/\/mediahint.support\/support\/wp-content\/uploads\/2014\/11\/watch_withMediaHint.png 340w, http:\/\/mediahint.support\/support\/wp-content\/uploads\/2014\/11\/watch_withMediaHint-300x277.png 300w\" sizes=\"auto, (max-width: 340px) 100vw, 340px\" \/><\/p>\n<h5>Paso 4:<\/h5>\n<p>Abre cualquier navegador o cualquier aplicaci\u00f3n de empresas como Netflix, Spotify y Hulu Plus para comenzar a disfrutar de v\u00eddeos, m\u00fasica y m\u00e1s contenidos antes restringidos en tu \u00e1rea.<\/div><\/div>\n<\/div>\n<hr \/>\n<h4>C\u00f3mo utilizar MediaHint para Windows<\/h4>\n<div class=\"su-row\">\n<div class=\"su-column su-column-size-1-2\"><div class=\"su-column-inner su-u-clearfix su-u-trim\">\n<img loading=\"lazy\" decoding=\"async\" class=\"alignnone size-full wp-image-1448\" src=\"https:\/\/mediahint.com\/support\/wp-content\/uploads\/2014\/11\/off-on_toggle.png\" alt=\"off-on_toggle\" width=\"315\" height=\"85\" srcset=\"http:\/\/mediahint.support\/support\/wp-content\/uploads\/2014\/11\/off-on_toggle.png 315w, http:\/\/mediahint.support\/support\/wp-content\/uploads\/2014\/11\/off-on_toggle-300x80.png 300w\" sizes=\"auto, (max-width: 315px) 100vw, 315px\" \/><br \/>\nHaz clic sobre el \u00edcono de MediaHint en la bandeja del sistema para activar o desactivar MediaHint. <\/div><\/div>\n<div class=\"su-column su-column-size-1-2\"><div class=\"su-column-inner su-u-clearfix su-u-trim\">\n<img loading=\"lazy\" decoding=\"async\" class=\"alignnone size-full wp-image-1451\" src=\"https:\/\/mediahint.com\/support\/wp-content\/uploads\/2014\/11\/rightclick_options.png\" alt=\"rightclick_options\" width=\"315\" height=\"85\" srcset=\"http:\/\/mediahint.support\/support\/wp-content\/uploads\/2014\/11\/rightclick_options.png 315w, http:\/\/mediahint.support\/support\/wp-content\/uploads\/2014\/11\/rightclick_options-300x80.png 300w\" sizes=\"auto, (max-width: 315px) 100vw, 315px\" \/><br \/>\nHaz clic con el bot\u00f3n derecho sobre el \u00edcono de MediaHint en la bandeja del sistema para ver un men\u00fa de opciones. Si seleccionas \u201cQuit\u201d, la aplicaci\u00f3n se cerrar\u00e1. Con \u201cView Account\u201d, se abrir\u00e1 la p\u00e1gina de tu cuenta de mediahint.com en un navegador.<\/div><\/div>\n<\/div>\n","protected":false},"excerpt":{"rendered":"<p>MediaHint para Windows ampl\u00eda los servicios ya excelentes de la extensi\u00f3n para navegadores, a fin de que puedas ver contenido desbloqueado directamente en aplicaciones como las de Netflix, Hulu Plus, Pandora y Spotify, que se encuentran en las versiones m\u00e1s nuevas de Windows. La instalaci\u00f3n de MediaHint para Windows tambi\u00e9n te permite utilizar Internet Explorer [&hellip;]<\/p>\n","protected":false},"author":1,"featured_media":0,"parent":0,"menu_order":0,"comment_status":"closed","ping_status":"closed","template":"template-full-width.php","meta":{"footnotes":"","_links_to":"","_links_to_target":""},"class_list":["post-1673","page","type-page","status-publish","hentry"],"yoast_head":"<!-- This site is optimized with the Yoast SEO plugin v27.2 - https:\/\/yoast.com\/product\/yoast-seo-wordpress\/ -->\n<title>Comienza a utilizar MediaHint para Windows - Media Hint Support<\/title>\n<meta name=\"robots\" content=\"index, follow, max-snippet:-1, max-image-preview:large, max-video-preview:-1\" \/>\n<link rel=\"canonical\" href=\"http:\/\/mediahint.support\/support\/es\/comienza-a-utilizar-mediahint-para-windows\" \/>\n<meta property=\"og:locale\" content=\"es_ES\" \/>\n<meta property=\"og:type\" content=\"article\" \/>\n<meta property=\"og:title\" content=\"Comienza a utilizar MediaHint para Windows - Media Hint Support\" \/>\n<meta property=\"og:description\" content=\"MediaHint para Windows ampl\u00eda los servicios ya excelentes de la extensi\u00f3n para navegadores, a fin de que puedas ver contenido desbloqueado directamente en aplicaciones como las de Netflix, Hulu Plus, Pandora y Spotify, que se encuentran en las versiones m\u00e1s nuevas de Windows. La instalaci\u00f3n de MediaHint para Windows tambi\u00e9n te permite utilizar Internet Explorer [&hellip;]\" \/>\n<meta property=\"og:url\" content=\"http:\/\/mediahint.support\/support\/es\/comienza-a-utilizar-mediahint-para-windows\" \/>\n<meta property=\"og:site_name\" content=\"Media Hint Support\" \/>\n<meta property=\"article:modified_time\" content=\"2015-01-14T19:36:09+00:00\" \/>\n<meta property=\"og:image\" content=\"https:\/\/mediahint.com\/support\/wp-content\/uploads\/2014\/11\/browser_login.png\" \/>\n<meta name=\"twitter:label1\" content=\"Tiempo de lectura\" \/>\n\t<meta name=\"twitter:data1\" content=\"2 minutos\" \/>\n<script type=\"application\/ld+json\" class=\"yoast-schema-graph\">{\"@context\":\"https:\/\/schema.org\",\"@graph\":[{\"@type\":\"WebPage\",\"@id\":\"http:\/\/mediahint.support\/support\/es\/comienza-a-utilizar-mediahint-para-windows\",\"url\":\"http:\/\/mediahint.support\/support\/es\/comienza-a-utilizar-mediahint-para-windows\",\"name\":\"Comienza a utilizar MediaHint para Windows - Media Hint Support\",\"isPartOf\":{\"@id\":\"http:\/\/mediahint.support\/support\/#website\"},\"primaryImageOfPage\":{\"@id\":\"http:\/\/mediahint.support\/support\/es\/comienza-a-utilizar-mediahint-para-windows#primaryimage\"},\"image\":{\"@id\":\"http:\/\/mediahint.support\/support\/es\/comienza-a-utilizar-mediahint-para-windows#primaryimage\"},\"thumbnailUrl\":\"https:\/\/mediahint.com\/support\/wp-content\/uploads\/2014\/11\/browser_login.png\",\"datePublished\":\"2014-12-05T00:19:02+00:00\",\"dateModified\":\"2015-01-14T19:36:09+00:00\",\"breadcrumb\":{\"@id\":\"http:\/\/mediahint.support\/support\/es\/comienza-a-utilizar-mediahint-para-windows#breadcrumb\"},\"inLanguage\":\"es\",\"potentialAction\":[{\"@type\":\"ReadAction\",\"target\":[\"http:\/\/mediahint.support\/support\/es\/comienza-a-utilizar-mediahint-para-windows\"]}]},{\"@type\":\"ImageObject\",\"inLanguage\":\"es\",\"@id\":\"http:\/\/mediahint.support\/support\/es\/comienza-a-utilizar-mediahint-para-windows#primaryimage\",\"url\":\"https:\/\/mediahint.com\/support\/wp-content\/uploads\/2014\/11\/browser_login.png\",\"contentUrl\":\"https:\/\/mediahint.com\/support\/wp-content\/uploads\/2014\/11\/browser_login.png\"},{\"@type\":\"BreadcrumbList\",\"@id\":\"http:\/\/mediahint.support\/support\/es\/comienza-a-utilizar-mediahint-para-windows#breadcrumb\",\"itemListElement\":[{\"@type\":\"ListItem\",\"position\":1,\"name\":\"Home\",\"item\":\"http:\/\/mediahint.support\/support\/es\"},{\"@type\":\"ListItem\",\"position\":2,\"name\":\"Comienza a utilizar MediaHint para Windows\"}]},{\"@type\":\"WebSite\",\"@id\":\"http:\/\/mediahint.support\/support\/#website\",\"url\":\"http:\/\/mediahint.support\/support\/\",\"name\":\"Media Hint Support\",\"description\":\"\",\"potentialAction\":[{\"@type\":\"SearchAction\",\"target\":{\"@type\":\"EntryPoint\",\"urlTemplate\":\"http:\/\/mediahint.support\/support\/?s={search_term_string}\"},\"query-input\":{\"@type\":\"PropertyValueSpecification\",\"valueRequired\":true,\"valueName\":\"search_term_string\"}}],\"inLanguage\":\"es\"}]}<\/script>\n<!-- \/ Yoast SEO plugin. -->","yoast_head_json":{"title":"Comienza a utilizar MediaHint para Windows - Media Hint Support","robots":{"index":"index","follow":"follow","max-snippet":"max-snippet:-1","max-image-preview":"max-image-preview:large","max-video-preview":"max-video-preview:-1"},"canonical":"http:\/\/mediahint.support\/support\/es\/comienza-a-utilizar-mediahint-para-windows","og_locale":"es_ES","og_type":"article","og_title":"Comienza a utilizar MediaHint para Windows - Media Hint Support","og_description":"MediaHint para Windows ampl\u00eda los servicios ya excelentes de la extensi\u00f3n para navegadores, a fin de que puedas ver contenido desbloqueado directamente en aplicaciones como las de Netflix, Hulu Plus, Pandora y Spotify, que se encuentran en las versiones m\u00e1s nuevas de Windows. La instalaci\u00f3n de MediaHint para Windows tambi\u00e9n te permite utilizar Internet Explorer [&hellip;]","og_url":"http:\/\/mediahint.support\/support\/es\/comienza-a-utilizar-mediahint-para-windows","og_site_name":"Media Hint Support","article_modified_time":"2015-01-14T19:36:09+00:00","og_image":[{"url":"https:\/\/mediahint.com\/support\/wp-content\/uploads\/2014\/11\/browser_login.png","type":"","width":"","height":""}],"twitter_misc":{"Tiempo de lectura":"2 minutos"},"schema":{"@context":"https:\/\/schema.org","@graph":[{"@type":"WebPage","@id":"http:\/\/mediahint.support\/support\/es\/comienza-a-utilizar-mediahint-para-windows","url":"http:\/\/mediahint.support\/support\/es\/comienza-a-utilizar-mediahint-para-windows","name":"Comienza a utilizar MediaHint para Windows - Media Hint Support","isPartOf":{"@id":"http:\/\/mediahint.support\/support\/#website"},"primaryImageOfPage":{"@id":"http:\/\/mediahint.support\/support\/es\/comienza-a-utilizar-mediahint-para-windows#primaryimage"},"image":{"@id":"http:\/\/mediahint.support\/support\/es\/comienza-a-utilizar-mediahint-para-windows#primaryimage"},"thumbnailUrl":"https:\/\/mediahint.com\/support\/wp-content\/uploads\/2014\/11\/browser_login.png","datePublished":"2014-12-05T00:19:02+00:00","dateModified":"2015-01-14T19:36:09+00:00","breadcrumb":{"@id":"http:\/\/mediahint.support\/support\/es\/comienza-a-utilizar-mediahint-para-windows#breadcrumb"},"inLanguage":"es","potentialAction":[{"@type":"ReadAction","target":["http:\/\/mediahint.support\/support\/es\/comienza-a-utilizar-mediahint-para-windows"]}]},{"@type":"ImageObject","inLanguage":"es","@id":"http:\/\/mediahint.support\/support\/es\/comienza-a-utilizar-mediahint-para-windows#primaryimage","url":"https:\/\/mediahint.com\/support\/wp-content\/uploads\/2014\/11\/browser_login.png","contentUrl":"https:\/\/mediahint.com\/support\/wp-content\/uploads\/2014\/11\/browser_login.png"},{"@type":"BreadcrumbList","@id":"http:\/\/mediahint.support\/support\/es\/comienza-a-utilizar-mediahint-para-windows#breadcrumb","itemListElement":[{"@type":"ListItem","position":1,"name":"Home","item":"http:\/\/mediahint.support\/support\/es"},{"@type":"ListItem","position":2,"name":"Comienza a utilizar MediaHint para Windows"}]},{"@type":"WebSite","@id":"http:\/\/mediahint.support\/support\/#website","url":"http:\/\/mediahint.support\/support\/","name":"Media Hint Support","description":"","potentialAction":[{"@type":"SearchAction","target":{"@type":"EntryPoint","urlTemplate":"http:\/\/mediahint.support\/support\/?s={search_term_string}"},"query-input":{"@type":"PropertyValueSpecification","valueRequired":true,"valueName":"search_term_string"}}],"inLanguage":"es"}]}},"_links":{"self":[{"href":"http:\/\/mediahint.support\/support\/es\/wp-json\/wp\/v2\/pages\/1673","targetHints":{"allow":["GET"]}}],"collection":[{"href":"http:\/\/mediahint.support\/support\/es\/wp-json\/wp\/v2\/pages"}],"about":[{"href":"http:\/\/mediahint.support\/support\/es\/wp-json\/wp\/v2\/types\/page"}],"author":[{"embeddable":true,"href":"http:\/\/mediahint.support\/support\/es\/wp-json\/wp\/v2\/users\/1"}],"replies":[{"embeddable":true,"href":"http:\/\/mediahint.support\/support\/es\/wp-json\/wp\/v2\/comments?post=1673"}],"version-history":[{"count":4,"href":"http:\/\/mediahint.support\/support\/es\/wp-json\/wp\/v2\/pages\/1673\/revisions"}],"predecessor-version":[{"id":1849,"href":"http:\/\/mediahint.support\/support\/es\/wp-json\/wp\/v2\/pages\/1673\/revisions\/1849"}],"wp:attachment":[{"href":"http:\/\/mediahint.support\/support\/es\/wp-json\/wp\/v2\/media?parent=1673"}],"curies":[{"name":"wp","href":"https:\/\/api.w.org\/{rel}","templated":true}]}}