{"id":1182,"date":"2014-09-15T13:32:45","date_gmt":"2014-09-15T20:32:45","guid":{"rendered":"https:\/\/mediahint.com\/support\/politica-de-privacidade"},"modified":"2014-09-15T13:32:45","modified_gmt":"2014-09-15T17:32:45","slug":"politica-de-privacidade","status":"publish","type":"page","link":"http:\/\/mediahint.support\/support\/pt-br\/politica-de-privacidade","title":{"rendered":"Pol\u00edtica de Privacidade"},"content":{"rendered":"<section class=\"docs-header\">\n<h3>Informa\u00e7\u00f5es gerais<\/h3>\n<\/section>\n<section class=\"docs-text\">MediaHint.com fornece servi\u00e7os de servidor proxy acess\u00edveis atrav\u00e9s da extens\u00e3o para navegadores MediaHint (\u201cNosso Software\u201d) e comercializados no nosso site www.MediaHint.com (\u201cNosso Site\u201d), juntos ou separados referidos como \u201cNossos Servi\u00e7os\u201d. Nossos Termos de Uso e Pol\u00edtica de Privacidade se aplicam a qualquer pessoa que acesse Nosso Site (\u201cVisitantes do Nosso Site\u201d) e a qualquer pessoa que baixe ou utilize Nosso Software (\u201cUsu\u00e1rios do Nosso Software\u201d), juntos ou separados referidos como \u201cUsu\u00e1rios dos Nossos Servi\u00e7os\u201d. Nossos Termos de Uso e Pol\u00edtica de Privacidade se aplicam a todos os Usu\u00e1rios dos Nossos Servi\u00e7os. Nossos Termos de Uso (em conjunto com quaisquer documentos referidos neles) regulam o uso dos Nossos Servi\u00e7os assim como nossas responsabilidades e direitos. Nossa Pol\u00edtica de Privacidade (em conjunto com quaisquer documentos referidos nela) relata todas as maneiras atrav\u00e9s das quais Nosso Site, Nosso Software e Terceiros coletam e utilizam dados dos Usu\u00e1rios do Nosso Software.<\/p>\n<p>Leia cuidadosamente os Termos de Uso e a Pol\u00edtica de Privacidade antes de come\u00e7ar a fazer uso de Nossos Servi\u00e7os.<\/p>\n<p>Ao utilizar Nossos Servi\u00e7os o usu\u00e1rio indica aceitar nossa Pol\u00edtica de Privacidade e nossos Termos de Uso e que concorda em cumpri-los. Se o usu\u00e1rio n\u00e3o concorda com estes termos de Uso ou pol\u00edtica de privacidade, ent\u00e3o n\u00e3o deve utilizar Nossos Servi\u00e7os.<\/p>\n<p>Se houver alguma d\u00favida em rela\u00e7\u00e3o aos Termos de Uso ou pol\u00edtica de Privacidade, \u00e9 poss\u00edvel entrar em <a href=\"mailto:contact@mediahint.com\">contato conosco pelo<\/a> e-mail (contact@mediahint.com).<\/p>\n<\/section>\n<section class=\"docs-header\">\n<hr \/>\n<h3><\/h3>\n<h3>Pol\u00edtica de Privacidade<\/h3>\n<\/section>\n<section class=\"docs-text\">Esta pol\u00edtica de privacidade relata todas as maneiras atrav\u00e9s das quais Nosso Site, Nosso Software e Terceiros coletam e utilizam dados dos visitantes do Nosso Site e usu\u00e1rios do Nosso Software.<\/p>\n<h3>1 \u00a0\u00a0 DADOS QUE N\u00c3O COLETAMOS:<\/h3>\n<p>N\u00f3s N\u00c3O monitoramos, coletamos e nem armazenamos informa\u00e7\u00f5es sobre os sites que voc\u00ea visita ou informa\u00e7\u00f5es que voc\u00ea fornece a esses sites enquanto utiliza Nossos Servi\u00e7os.<\/p>\n<h3>2 \u00a0\u00a0 DADOS QUE COLETAMOS:<\/h3>\n<p>N\u00f3s coletamos apenas dados sobre o seu comportamento no Nosso Site e informa\u00e7\u00f5es que voc\u00ea nos fornece por conta pr\u00f3pria. Todos os dados coletados s\u00e3o usado apenas para melhorar a qualidade dos Nossos Servi\u00e7os. Permiss\u00f5es concedidas ao e os dados coletados pelo Nosso Software, Nosso Site e por Terceiros s\u00e3o discutidos em detalhes nas pr\u00f3ximas se\u00e7\u00f5es:<\/p>\n<h4>2.1 \u00a0\u00a0 USO DO NOSSO SOFTWARE<\/h4>\n<p>Nosso Software possui acesso apenas \u00e0s configura\u00e7\u00f5es do servidor proxy nos navegadores dos Usu\u00e1rios do Nosso Software. Este \u00e9 o acesso \u00e9 essencial e \u00e9 concedido apenas para o prop\u00f3sito de oferecer Nossos Servi\u00e7os. Nosso Software n\u00e3o possui nenhum acesso adicional e n\u00e3o coleta quaisquer dados sobre Usu\u00e1rios do Nosso Software.<\/p>\n<p>Outras informa\u00e7\u00f5es podem ser coletadas por Terceiros (Google Inc. e Mozilla Corporation) que utilizamos para oferecer Nosso Software na forma de extens\u00e3o para o Google Chrome e add-on do Mozilla Firefox. Informa\u00e7\u00f5es coletadas por esses Terceiros podem variar dependendo de suas pol\u00edticas de privacidade.<\/p>\n<h4>2.2 \u00a0\u00a0 USO DE NOSSO SITE<\/h4>\n<p>Nosso Site usa Google Analytics para ajudar a analisar a forma como nossos usu\u00e1rios utilizam o site. N\u00f3s usamos esta ferramenta apenas para melhor atender \u00e0s suas necessidades e melhorar os Nossos Servi\u00e7os com base no comportamento dos Usu\u00e1rios dos Nossos Servi\u00e7os.<\/p>\n<p>A ferramenta utiliza &#8220;cookies&#8221;, que s\u00e3o arquivos de texto armazenados no seu computador, para coletar informa\u00e7\u00f5es de log padr\u00e3o da Internet e informa\u00e7\u00f5es de comportamento de visitantes de forma an\u00f4nima. A informa\u00e7\u00e3o an\u00f4nima gerada pelo cookie acerca da sua utiliza\u00e7\u00e3o do Nosso Site (incluindo o endere\u00e7o de IP) \u00e9 transmitida para o Google. Esta informa\u00e7\u00e3o \u00e9 ent\u00e3o usada para avaliar o uso do site pelos visitantes e compilar relat\u00f3rios estat\u00edsticos sobre as atividades do site apenas para o uso da Mediahint.com. N\u00f3s n\u00e3o vamos (e n\u00e3o permitiremos Terceiros) usar a ferramenta de an\u00e1lise estat\u00edstica para monitorar ou coletar qualquer informa\u00e7\u00e3o pessoalmente identific\u00e1vel de visitantes do Nosso Site. N\u00e3o vamos associar quaisquer dados recolhidos a partir do Nosso Site com quaisquer informa\u00e7\u00f5es de identifica\u00e7\u00e3o pessoal advinda de qualquer fonte como parte de nosso uso da ferramenta de an\u00e1lise estat\u00edstica do Google. Google n\u00e3o associar\u00e1 o seu endere\u00e7o IP com quaisquer outros dados mantidos pelo Google. Nem MediaHint.com nem o Google ir\u00e3o vincular ou procurar vincular um endere\u00e7o de IP com a identidade de um usu\u00e1rio de computador.<\/p>\n<p>Mais informa\u00e7\u00f5es sobre o Google Analytics em rela\u00e7\u00e3o \u00e0 privacidade e cookies podem ser encontradas em <a href=\"http:\/\/www.google.com\/analytics\/tos.html\" target=\"_blank\">http:\/\/www.google.com\/analytics\/tos.html<\/a> e <a href=\"https:\/\/developers.google.com\/analytics\/resources\/concepts\/gaConceptsCookies\" target=\"_blank\">https:\/\/developers.google.com\/analytics\/resources\/concepts\/gaConceptsCookies.<\/a><\/p>\n<h4>2.3\u00a0\u00a0\u00a0 ENVIO DE INFORMA\u00c7\u00d5ES PESSOAIS<\/h4>\n<p>O envio de feedback e suporte \u00e9 operado pela Intercom, Inc., um provedor de servi\u00e7os de Terceiros. Qualquer informa\u00e7\u00e3o fornecida pelos visitantes do Nosso Site que usam o formul\u00e1rio de contato para \u00e9 coletada pela Intercom, Inc. Essa informa\u00e7\u00e3o \u00e9 partilhada com a MediaHint.com e voc\u00ea consente com o compartilhamento dessas informa\u00e7\u00f5es pela Intercom, Inc. com a MediaHint.com. Todas as informa\u00e7\u00f5es coletadas pela Intercom, Inc. s\u00e3o regidas pelos Termos de Servi\u00e7o e Pol\u00edtica de Privacidade da Intercom, que podem ser encontrados em <a href=\"http:\/\/docs.intercom.io\/privacy\" target=\"_blank\">http:\/\/docs.intercom.io\/privacy.<\/a><\/p>\n<hr \/>\n<p>Em vigor a partir de 26.10.2012<\/p>\n<\/section>\n","protected":false},"excerpt":{"rendered":"<p>Informa\u00e7\u00f5es gerais MediaHint.com fornece servi\u00e7os de servidor proxy acess\u00edveis atrav\u00e9s da extens\u00e3o para navegadores MediaHint (\u201cNosso Software\u201d) e comercializados no nosso site www.MediaHint.com (\u201cNosso Site\u201d), juntos ou separados referidos como \u201cNossos Servi\u00e7os\u201d. Nossos Termos de Uso e Pol\u00edtica de Privacidade se aplicam a qualquer pessoa que acesse Nosso Site (\u201cVisitantes do Nosso Site\u201d) e a [&hellip;]<\/p>\n","protected":false},"author":1,"featured_media":0,"parent":0,"menu_order":0,"comment_status":"closed","ping_status":"closed","template":"template-full-width.php","meta":{"footnotes":"","_links_to":"","_links_to_target":""},"class_list":["post-1182","page","type-page","status-publish","hentry"],"yoast_head":"<!-- This site is optimized with the Yoast SEO plugin v27.2 - https:\/\/yoast.com\/product\/yoast-seo-wordpress\/ -->\n<title>Pol\u00edtica de Privacidade - Media Hint Support<\/title>\n<meta name=\"robots\" content=\"index, follow, max-snippet:-1, max-image-preview:large, max-video-preview:-1\" \/>\n<link rel=\"canonical\" href=\"https:\/\/mediahint.support\/support\/pt-br\/politica-de-privacidade\" \/>\n<meta property=\"og:locale\" content=\"pt_BR\" \/>\n<meta property=\"og:type\" content=\"article\" \/>\n<meta property=\"og:title\" content=\"Pol\u00edtica de Privacidade - Media Hint Support\" \/>\n<meta property=\"og:description\" content=\"Informa\u00e7\u00f5es gerais MediaHint.com fornece servi\u00e7os de servidor proxy acess\u00edveis atrav\u00e9s da extens\u00e3o para navegadores MediaHint (\u201cNosso Software\u201d) e comercializados no nosso site www.MediaHint.com (\u201cNosso Site\u201d), juntos ou separados referidos como \u201cNossos Servi\u00e7os\u201d. Nossos Termos de Uso e Pol\u00edtica de Privacidade se aplicam a qualquer pessoa que acesse Nosso Site (\u201cVisitantes do Nosso Site\u201d) e a [&hellip;]\" \/>\n<meta property=\"og:url\" content=\"https:\/\/mediahint.support\/support\/pt-br\/politica-de-privacidade\" \/>\n<meta property=\"og:site_name\" content=\"Media Hint Support\" \/>\n<meta name=\"twitter:label1\" content=\"Est. tempo de leitura\" \/>\n\t<meta name=\"twitter:data1\" content=\"5 minutos\" \/>\n<script type=\"application\/ld+json\" class=\"yoast-schema-graph\">{\"@context\":\"https:\/\/schema.org\",\"@graph\":[{\"@type\":\"WebPage\",\"@id\":\"https:\/\/mediahint.support\/support\/pt-br\/politica-de-privacidade\",\"url\":\"https:\/\/mediahint.support\/support\/pt-br\/politica-de-privacidade\",\"name\":\"Pol\u00edtica de Privacidade - Media Hint Support\",\"isPartOf\":{\"@id\":\"http:\/\/mediahint.support\/support\/#website\"},\"datePublished\":\"2014-09-15T20:32:45+00:00\",\"breadcrumb\":{\"@id\":\"https:\/\/mediahint.support\/support\/pt-br\/politica-de-privacidade#breadcrumb\"},\"inLanguage\":\"pt-BR\",\"potentialAction\":[{\"@type\":\"ReadAction\",\"target\":[\"https:\/\/mediahint.support\/support\/pt-br\/politica-de-privacidade\"]}]},{\"@type\":\"BreadcrumbList\",\"@id\":\"https:\/\/mediahint.support\/support\/pt-br\/politica-de-privacidade#breadcrumb\",\"itemListElement\":[{\"@type\":\"ListItem\",\"position\":1,\"name\":\"Home\",\"item\":\"http:\/\/mediahint.support\/support\/pt-br\"},{\"@type\":\"ListItem\",\"position\":2,\"name\":\"Pol\u00edtica de Privacidade\"}]},{\"@type\":\"WebSite\",\"@id\":\"http:\/\/mediahint.support\/support\/#website\",\"url\":\"http:\/\/mediahint.support\/support\/\",\"name\":\"Media Hint Support\",\"description\":\"\",\"potentialAction\":[{\"@type\":\"SearchAction\",\"target\":{\"@type\":\"EntryPoint\",\"urlTemplate\":\"http:\/\/mediahint.support\/support\/?s={search_term_string}\"},\"query-input\":{\"@type\":\"PropertyValueSpecification\",\"valueRequired\":true,\"valueName\":\"search_term_string\"}}],\"inLanguage\":\"pt-BR\"}]}<\/script>\n<!-- \/ Yoast SEO plugin. -->","yoast_head_json":{"title":"Pol\u00edtica de Privacidade - Media Hint Support","robots":{"index":"index","follow":"follow","max-snippet":"max-snippet:-1","max-image-preview":"max-image-preview:large","max-video-preview":"max-video-preview:-1"},"canonical":"https:\/\/mediahint.support\/support\/pt-br\/politica-de-privacidade","og_locale":"pt_BR","og_type":"article","og_title":"Pol\u00edtica de Privacidade - Media Hint Support","og_description":"Informa\u00e7\u00f5es gerais MediaHint.com fornece servi\u00e7os de servidor proxy acess\u00edveis atrav\u00e9s da extens\u00e3o para navegadores MediaHint (\u201cNosso Software\u201d) e comercializados no nosso site www.MediaHint.com (\u201cNosso Site\u201d), juntos ou separados referidos como \u201cNossos Servi\u00e7os\u201d. Nossos Termos de Uso e Pol\u00edtica de Privacidade se aplicam a qualquer pessoa que acesse Nosso Site (\u201cVisitantes do Nosso Site\u201d) e a [&hellip;]","og_url":"https:\/\/mediahint.support\/support\/pt-br\/politica-de-privacidade","og_site_name":"Media Hint Support","twitter_misc":{"Est. tempo de leitura":"5 minutos"},"schema":{"@context":"https:\/\/schema.org","@graph":[{"@type":"WebPage","@id":"https:\/\/mediahint.support\/support\/pt-br\/politica-de-privacidade","url":"https:\/\/mediahint.support\/support\/pt-br\/politica-de-privacidade","name":"Pol\u00edtica de Privacidade - Media Hint Support","isPartOf":{"@id":"http:\/\/mediahint.support\/support\/#website"},"datePublished":"2014-09-15T20:32:45+00:00","breadcrumb":{"@id":"https:\/\/mediahint.support\/support\/pt-br\/politica-de-privacidade#breadcrumb"},"inLanguage":"pt-BR","potentialAction":[{"@type":"ReadAction","target":["https:\/\/mediahint.support\/support\/pt-br\/politica-de-privacidade"]}]},{"@type":"BreadcrumbList","@id":"https:\/\/mediahint.support\/support\/pt-br\/politica-de-privacidade#breadcrumb","itemListElement":[{"@type":"ListItem","position":1,"name":"Home","item":"http:\/\/mediahint.support\/support\/pt-br"},{"@type":"ListItem","position":2,"name":"Pol\u00edtica de Privacidade"}]},{"@type":"WebSite","@id":"http:\/\/mediahint.support\/support\/#website","url":"http:\/\/mediahint.support\/support\/","name":"Media Hint Support","description":"","potentialAction":[{"@type":"SearchAction","target":{"@type":"EntryPoint","urlTemplate":"http:\/\/mediahint.support\/support\/?s={search_term_string}"},"query-input":{"@type":"PropertyValueSpecification","valueRequired":true,"valueName":"search_term_string"}}],"inLanguage":"pt-BR"}]}},"_links":{"self":[{"href":"http:\/\/mediahint.support\/support\/pt-br\/wp-json\/wp\/v2\/pages\/1182","targetHints":{"allow":["GET"]}}],"collection":[{"href":"http:\/\/mediahint.support\/support\/pt-br\/wp-json\/wp\/v2\/pages"}],"about":[{"href":"http:\/\/mediahint.support\/support\/pt-br\/wp-json\/wp\/v2\/types\/page"}],"author":[{"embeddable":true,"href":"http:\/\/mediahint.support\/support\/pt-br\/wp-json\/wp\/v2\/users\/1"}],"replies":[{"embeddable":true,"href":"http:\/\/mediahint.support\/support\/pt-br\/wp-json\/wp\/v2\/comments?post=1182"}],"version-history":[{"count":0,"href":"http:\/\/mediahint.support\/support\/pt-br\/wp-json\/wp\/v2\/pages\/1182\/revisions"}],"wp:attachment":[{"href":"http:\/\/mediahint.support\/support\/pt-br\/wp-json\/wp\/v2\/media?parent=1182"}],"curies":[{"name":"wp","href":"https:\/\/api.w.org\/{rel}","templated":true}]}}