{"id":1664,"date":"2014-12-04T20:19:02","date_gmt":"2014-12-05T00:19:02","guid":{"rendered":"https:\/\/mediahint.com\/support\/comece-a-usar-o-mediahint-para-windows"},"modified":"2015-01-14T15:37:07","modified_gmt":"2015-01-14T19:37:07","slug":"comece-a-usar-o-mediahint-para-windows","status":"publish","type":"page","link":"http:\/\/mediahint.support\/support\/pt-br\/comece-a-usar-o-mediahint-para-windows","title":{"rendered":"Comece a usar o MediaHint para Windows"},"content":{"rendered":"<p>O MediaHint para Windows expande os j\u00e1 excelentes servi\u00e7os da extens\u00e3o para navegador. Assim, voc\u00ea pode visualizar conte\u00fado bloqueado diretamente a partir de aplicativos como Netflix, Hulu Plus, Pandora e Spotify que est\u00e3o presentes nas vers\u00f5es mais recentes do Windows. Instalar o MediaHint para Windows tamb\u00e9m permite que voc\u00ea use o Internet Explorer, se este for seu navegador preferido. Voc\u00ea ainda pode obter excelentes conte\u00fados bloqueados usando o Firefox e o Chrome com a extens\u00e3o para navegadores ou instalando o MediaHint para Windows.<br \/>\n<a class=\"download-button\" href=\"https:\/\/b488d1227750a90e5946-c89ddd6e75b94bccf1f382780acd3fe3.ssl.cf5.rackcdn.com\/1.8\/setup.exe\">DOWNLOAD PARA WINDOWS<\/a><\/p>\n<h4>D\u00ea uma olha no nosso guia de instala\u00e7\u00e3o r\u00e1pida para come\u00e7ar.<\/h4>\n<div class=\"su-row\">\n<div class=\"su-column su-column-size-1-4\"><div class=\"su-column-inner su-u-clearfix su-u-trim\">\n<img loading=\"lazy\" decoding=\"async\" class=\"alignnone size-full wp-image-1423\" src=\"https:\/\/mediahint.com\/support\/wp-content\/uploads\/2014\/11\/browser_login.png\" alt=\"browser_login\" width=\"340\" height=\"315\" srcset=\"http:\/\/mediahint.support\/support\/wp-content\/uploads\/2014\/11\/browser_login.png 340w, http:\/\/mediahint.support\/support\/wp-content\/uploads\/2014\/11\/browser_login-300x277.png 300w\" sizes=\"auto, (max-width: 340px) 100vw, 340px\" \/><\/p>\n<h5>Passo 1:<\/h5>\n<p>Acesse sua conta em https:\/\/mediahint.com.<\/div><\/div>\n<div class=\"su-column su-column-size-1-4\"><div class=\"su-column-inner su-u-clearfix su-u-trim\">\n<img loading=\"lazy\" decoding=\"async\" class=\"alignnone size-full wp-image-1441\" src=\"https:\/\/mediahint.com\/support\/wp-content\/uploads\/2014\/11\/install_icon1.png\" alt=\"install_icon\" width=\"340\" height=\"315\" srcset=\"http:\/\/mediahint.support\/support\/wp-content\/uploads\/2014\/11\/install_icon1.png 340w, http:\/\/mediahint.support\/support\/wp-content\/uploads\/2014\/11\/install_icon1-300x277.png 300w\" sizes=\"auto, (max-width: 340px) 100vw, 340px\" \/><\/p>\n<h5>Passo 2:<\/h5>\n<p><a href=\"https:\/\/b488d1227750a90e5946-c89ddd6e75b94bccf1f382780acd3fe3.ssl.cf5.rackcdn.com\/1.8\/setup.exe\">Baixe<\/a> e salve o aplicativo MediaHint em seu computador.<\/div><\/div>\n<div class=\"su-column su-column-size-1-4\"><div class=\"su-column-inner su-u-clearfix su-u-trim\">\n<img loading=\"lazy\" decoding=\"async\" class=\"alignnone size-full wp-image-1444\" src=\"https:\/\/mediahint.com\/support\/wp-content\/uploads\/2014\/11\/install_wizard1.png\" alt=\"install_wizard\" width=\"340\" height=\"315\" srcset=\"http:\/\/mediahint.support\/support\/wp-content\/uploads\/2014\/11\/install_wizard1.png 340w, http:\/\/mediahint.support\/support\/wp-content\/uploads\/2014\/11\/install_wizard1-300x277.png 300w\" sizes=\"auto, (max-width: 340px) 100vw, 340px\" \/><\/p>\n<h5>Passo 3:<\/h5>\n<p>D\u00ea um clique duplo no \u00edcone de instala\u00e7\u00e3o e siga os simples passos para completar a instala\u00e7\u00e3o. Se ficar com d\u00favidas sobre a instala\u00e7\u00e3o, <a href=\"\/pt-br\/configuracao\/instalacao-da-aplicacao-para-windows\">clique aqui para ver um tutorial passo a passo.<\/a><\/div><\/div>\n<div class=\"su-column su-column-size-1-4\"><div class=\"su-column-inner su-u-clearfix su-u-trim\">\n<img loading=\"lazy\" decoding=\"async\" class=\"alignnone size-full wp-image-1430\" src=\"https:\/\/mediahint.com\/support\/wp-content\/uploads\/2014\/11\/watch_withMediaHint.png\" alt=\"watch_withMediaHint\" width=\"340\" height=\"315\" srcset=\"http:\/\/mediahint.support\/support\/wp-content\/uploads\/2014\/11\/watch_withMediaHint.png 340w, http:\/\/mediahint.support\/support\/wp-content\/uploads\/2014\/11\/watch_withMediaHint-300x277.png 300w\" sizes=\"auto, (max-width: 340px) 100vw, 340px\" \/><\/p>\n<h5>Passo 4:<\/h5>\n<p>Abra qualquer navegador ou aplicativos de empresas como Netflix, Spotify e Hulu Plus para come\u00e7ar a desfrutar de v\u00eddeos, m\u00fasicas e muito mais que antes era bloqueado para a sua localiza\u00e7\u00e3o.<\/div><\/div>\n<\/div>\n<p>&nbsp;<\/p>\n<hr \/>\n<p>&nbsp;<\/p>\n<h4>Usando o MediaHint para Windows<\/h4>\n<div class=\"su-row\">\n<div class=\"su-column su-column-size-1-2\"><div class=\"su-column-inner su-u-clearfix su-u-trim\">\n<img loading=\"lazy\" decoding=\"async\" class=\"alignnone size-full wp-image-1448\" src=\"https:\/\/mediahint.com\/support\/wp-content\/uploads\/2014\/11\/off-on_toggle.png\" alt=\"off-on_toggle\" width=\"315\" height=\"85\" srcset=\"http:\/\/mediahint.support\/support\/wp-content\/uploads\/2014\/11\/off-on_toggle.png 315w, http:\/\/mediahint.support\/support\/wp-content\/uploads\/2014\/11\/off-on_toggle-300x80.png 300w\" sizes=\"auto, (max-width: 315px) 100vw, 315px\" \/><br \/>\nClique no \u00edcone MediaHint na \u00e1rea de notifica\u00e7\u00e3o para ativar e desativar o MediaHint. <\/div><\/div>\n<div class=\"su-column su-column-size-1-2\"><div class=\"su-column-inner su-u-clearfix su-u-trim\">\n<img loading=\"lazy\" decoding=\"async\" class=\"alignnone size-full wp-image-1451\" src=\"https:\/\/mediahint.com\/support\/wp-content\/uploads\/2014\/11\/rightclick_options.png\" alt=\"rightclick_options\" width=\"315\" height=\"85\" srcset=\"http:\/\/mediahint.support\/support\/wp-content\/uploads\/2014\/11\/rightclick_options.png 315w, http:\/\/mediahint.support\/support\/wp-content\/uploads\/2014\/11\/rightclick_options-300x80.png 300w\" sizes=\"auto, (max-width: 315px) 100vw, 315px\" \/><br \/>\nClique com o bot\u00e3o direito do mouse no \u00edcone MediaHint da \u00e1rea de notifica\u00e7\u00e3o para ver um menu de op\u00e7\u00f5es. A op\u00e7\u00e3o &#8220;Quit&#8221; fecha o aplicativo. &#8220;View Account&#8221; abre a p\u00e1gina da sua conta em mediahint.com em um navegador.<\/div><\/div>\n<\/div>\n","protected":false},"excerpt":{"rendered":"<p>O MediaHint para Windows expande os j\u00e1 excelentes servi\u00e7os da extens\u00e3o para navegador. Assim, voc\u00ea pode visualizar conte\u00fado bloqueado diretamente a partir de aplicativos como Netflix, Hulu Plus, Pandora e Spotify que est\u00e3o presentes nas vers\u00f5es mais recentes do Windows. Instalar o MediaHint para Windows tamb\u00e9m permite que voc\u00ea use o Internet Explorer, se este [&hellip;]<\/p>\n","protected":false},"author":1,"featured_media":0,"parent":0,"menu_order":0,"comment_status":"closed","ping_status":"closed","template":"template-full-width.php","meta":{"footnotes":"","_links_to":"","_links_to_target":""},"class_list":["post-1664","page","type-page","status-publish","hentry"],"yoast_head":"<!-- This site is optimized with the Yoast SEO plugin v27.2 - https:\/\/yoast.com\/product\/yoast-seo-wordpress\/ -->\n<title>Comece a usar o MediaHint para Windows - Media Hint Support<\/title>\n<meta name=\"robots\" content=\"index, follow, max-snippet:-1, max-image-preview:large, max-video-preview:-1\" \/>\n<link rel=\"canonical\" href=\"https:\/\/mediahint.support\/support\/pt-br\/comece-a-usar-o-mediahint-para-windows\" \/>\n<meta property=\"og:locale\" content=\"pt_BR\" \/>\n<meta property=\"og:type\" content=\"article\" \/>\n<meta property=\"og:title\" content=\"Comece a usar o MediaHint para Windows - Media Hint Support\" \/>\n<meta property=\"og:description\" content=\"O MediaHint para Windows expande os j\u00e1 excelentes servi\u00e7os da extens\u00e3o para navegador. Assim, voc\u00ea pode visualizar conte\u00fado bloqueado diretamente a partir de aplicativos como Netflix, Hulu Plus, Pandora e Spotify que est\u00e3o presentes nas vers\u00f5es mais recentes do Windows. Instalar o MediaHint para Windows tamb\u00e9m permite que voc\u00ea use o Internet Explorer, se este [&hellip;]\" \/>\n<meta property=\"og:url\" content=\"https:\/\/mediahint.support\/support\/pt-br\/comece-a-usar-o-mediahint-para-windows\" \/>\n<meta property=\"og:site_name\" content=\"Media Hint Support\" \/>\n<meta property=\"article:modified_time\" content=\"2015-01-14T19:37:07+00:00\" \/>\n<meta property=\"og:image\" content=\"https:\/\/mediahint.com\/support\/wp-content\/uploads\/2014\/11\/browser_login.png\" \/>\n<meta name=\"twitter:label1\" content=\"Est. tempo de leitura\" \/>\n\t<meta name=\"twitter:data1\" content=\"2 minutos\" \/>\n<script type=\"application\/ld+json\" class=\"yoast-schema-graph\">{\"@context\":\"https:\/\/schema.org\",\"@graph\":[{\"@type\":\"WebPage\",\"@id\":\"https:\/\/mediahint.support\/support\/pt-br\/comece-a-usar-o-mediahint-para-windows\",\"url\":\"https:\/\/mediahint.support\/support\/pt-br\/comece-a-usar-o-mediahint-para-windows\",\"name\":\"Comece a usar o MediaHint para Windows - Media Hint Support\",\"isPartOf\":{\"@id\":\"http:\/\/mediahint.support\/support\/#website\"},\"primaryImageOfPage\":{\"@id\":\"https:\/\/mediahint.support\/support\/pt-br\/comece-a-usar-o-mediahint-para-windows#primaryimage\"},\"image\":{\"@id\":\"https:\/\/mediahint.support\/support\/pt-br\/comece-a-usar-o-mediahint-para-windows#primaryimage\"},\"thumbnailUrl\":\"https:\/\/mediahint.com\/support\/wp-content\/uploads\/2014\/11\/browser_login.png\",\"datePublished\":\"2014-12-05T00:19:02+00:00\",\"dateModified\":\"2015-01-14T19:37:07+00:00\",\"breadcrumb\":{\"@id\":\"https:\/\/mediahint.support\/support\/pt-br\/comece-a-usar-o-mediahint-para-windows#breadcrumb\"},\"inLanguage\":\"pt-BR\",\"potentialAction\":[{\"@type\":\"ReadAction\",\"target\":[\"https:\/\/mediahint.support\/support\/pt-br\/comece-a-usar-o-mediahint-para-windows\"]}]},{\"@type\":\"ImageObject\",\"inLanguage\":\"pt-BR\",\"@id\":\"https:\/\/mediahint.support\/support\/pt-br\/comece-a-usar-o-mediahint-para-windows#primaryimage\",\"url\":\"https:\/\/mediahint.com\/support\/wp-content\/uploads\/2014\/11\/browser_login.png\",\"contentUrl\":\"https:\/\/mediahint.com\/support\/wp-content\/uploads\/2014\/11\/browser_login.png\"},{\"@type\":\"BreadcrumbList\",\"@id\":\"https:\/\/mediahint.support\/support\/pt-br\/comece-a-usar-o-mediahint-para-windows#breadcrumb\",\"itemListElement\":[{\"@type\":\"ListItem\",\"position\":1,\"name\":\"Home\",\"item\":\"http:\/\/mediahint.support\/support\/pt-br\"},{\"@type\":\"ListItem\",\"position\":2,\"name\":\"Comece a usar o MediaHint para Windows\"}]},{\"@type\":\"WebSite\",\"@id\":\"http:\/\/mediahint.support\/support\/#website\",\"url\":\"http:\/\/mediahint.support\/support\/\",\"name\":\"Media Hint Support\",\"description\":\"\",\"potentialAction\":[{\"@type\":\"SearchAction\",\"target\":{\"@type\":\"EntryPoint\",\"urlTemplate\":\"http:\/\/mediahint.support\/support\/?s={search_term_string}\"},\"query-input\":{\"@type\":\"PropertyValueSpecification\",\"valueRequired\":true,\"valueName\":\"search_term_string\"}}],\"inLanguage\":\"pt-BR\"}]}<\/script>\n<!-- \/ Yoast SEO plugin. -->","yoast_head_json":{"title":"Comece a usar o MediaHint para Windows - Media Hint Support","robots":{"index":"index","follow":"follow","max-snippet":"max-snippet:-1","max-image-preview":"max-image-preview:large","max-video-preview":"max-video-preview:-1"},"canonical":"https:\/\/mediahint.support\/support\/pt-br\/comece-a-usar-o-mediahint-para-windows","og_locale":"pt_BR","og_type":"article","og_title":"Comece a usar o MediaHint para Windows - Media Hint Support","og_description":"O MediaHint para Windows expande os j\u00e1 excelentes servi\u00e7os da extens\u00e3o para navegador. Assim, voc\u00ea pode visualizar conte\u00fado bloqueado diretamente a partir de aplicativos como Netflix, Hulu Plus, Pandora e Spotify que est\u00e3o presentes nas vers\u00f5es mais recentes do Windows. Instalar o MediaHint para Windows tamb\u00e9m permite que voc\u00ea use o Internet Explorer, se este [&hellip;]","og_url":"https:\/\/mediahint.support\/support\/pt-br\/comece-a-usar-o-mediahint-para-windows","og_site_name":"Media Hint Support","article_modified_time":"2015-01-14T19:37:07+00:00","og_image":[{"url":"https:\/\/mediahint.com\/support\/wp-content\/uploads\/2014\/11\/browser_login.png","type":"","width":"","height":""}],"twitter_misc":{"Est. tempo de leitura":"2 minutos"},"schema":{"@context":"https:\/\/schema.org","@graph":[{"@type":"WebPage","@id":"https:\/\/mediahint.support\/support\/pt-br\/comece-a-usar-o-mediahint-para-windows","url":"https:\/\/mediahint.support\/support\/pt-br\/comece-a-usar-o-mediahint-para-windows","name":"Comece a usar o MediaHint para Windows - Media Hint Support","isPartOf":{"@id":"http:\/\/mediahint.support\/support\/#website"},"primaryImageOfPage":{"@id":"https:\/\/mediahint.support\/support\/pt-br\/comece-a-usar-o-mediahint-para-windows#primaryimage"},"image":{"@id":"https:\/\/mediahint.support\/support\/pt-br\/comece-a-usar-o-mediahint-para-windows#primaryimage"},"thumbnailUrl":"https:\/\/mediahint.com\/support\/wp-content\/uploads\/2014\/11\/browser_login.png","datePublished":"2014-12-05T00:19:02+00:00","dateModified":"2015-01-14T19:37:07+00:00","breadcrumb":{"@id":"https:\/\/mediahint.support\/support\/pt-br\/comece-a-usar-o-mediahint-para-windows#breadcrumb"},"inLanguage":"pt-BR","potentialAction":[{"@type":"ReadAction","target":["https:\/\/mediahint.support\/support\/pt-br\/comece-a-usar-o-mediahint-para-windows"]}]},{"@type":"ImageObject","inLanguage":"pt-BR","@id":"https:\/\/mediahint.support\/support\/pt-br\/comece-a-usar-o-mediahint-para-windows#primaryimage","url":"https:\/\/mediahint.com\/support\/wp-content\/uploads\/2014\/11\/browser_login.png","contentUrl":"https:\/\/mediahint.com\/support\/wp-content\/uploads\/2014\/11\/browser_login.png"},{"@type":"BreadcrumbList","@id":"https:\/\/mediahint.support\/support\/pt-br\/comece-a-usar-o-mediahint-para-windows#breadcrumb","itemListElement":[{"@type":"ListItem","position":1,"name":"Home","item":"http:\/\/mediahint.support\/support\/pt-br"},{"@type":"ListItem","position":2,"name":"Comece a usar o MediaHint para Windows"}]},{"@type":"WebSite","@id":"http:\/\/mediahint.support\/support\/#website","url":"http:\/\/mediahint.support\/support\/","name":"Media Hint Support","description":"","potentialAction":[{"@type":"SearchAction","target":{"@type":"EntryPoint","urlTemplate":"http:\/\/mediahint.support\/support\/?s={search_term_string}"},"query-input":{"@type":"PropertyValueSpecification","valueRequired":true,"valueName":"search_term_string"}}],"inLanguage":"pt-BR"}]}},"_links":{"self":[{"href":"http:\/\/mediahint.support\/support\/pt-br\/wp-json\/wp\/v2\/pages\/1664","targetHints":{"allow":["GET"]}}],"collection":[{"href":"http:\/\/mediahint.support\/support\/pt-br\/wp-json\/wp\/v2\/pages"}],"about":[{"href":"http:\/\/mediahint.support\/support\/pt-br\/wp-json\/wp\/v2\/types\/page"}],"author":[{"embeddable":true,"href":"http:\/\/mediahint.support\/support\/pt-br\/wp-json\/wp\/v2\/users\/1"}],"replies":[{"embeddable":true,"href":"http:\/\/mediahint.support\/support\/pt-br\/wp-json\/wp\/v2\/comments?post=1664"}],"version-history":[{"count":2,"href":"http:\/\/mediahint.support\/support\/pt-br\/wp-json\/wp\/v2\/pages\/1664\/revisions"}],"predecessor-version":[{"id":1850,"href":"http:\/\/mediahint.support\/support\/pt-br\/wp-json\/wp\/v2\/pages\/1664\/revisions\/1850"}],"wp:attachment":[{"href":"http:\/\/mediahint.support\/support\/pt-br\/wp-json\/wp\/v2\/media?parent=1664"}],"curies":[{"name":"wp","href":"https:\/\/api.w.org\/{rel}","templated":true}]}}