{"id":870,"date":"2014-07-02T02:42:31","date_gmt":"2014-07-02T06:42:31","guid":{"rendered":"https:\/\/mediahint.com\/support\/solicitar-um-canal"},"modified":"2014-07-02T02:42:31","modified_gmt":"2014-07-02T06:42:31","slug":"solicitar-um-canal","status":"publish","type":"page","link":"http:\/\/mediahint.support\/support\/pt-br\/solicitar-um-canal","title":{"rendered":"Solicitar um Canal"},"content":{"rendered":"<p>Voc\u00ea gostaria que o Media Hint desse suporte a algum canal ou servi\u00e7o? Estamos sempre aceitando sugest\u00f5es! Fale conosco e vamos ver o que podemos fazer.<\/p>\n<p>\u00a0<\/p>\n<div id=\"vfb-form-1\" class=\"visual-form-builder-container\"><form id=\"request-a-channel-1\" class=\"visual-form-builder vfb-form-1 \" method=\"post\" enctype=\"multipart\/form-data\">\n\t  \t<input type=\"hidden\" name=\"form_id\" value=\"1\" \/><fieldset class=\"vfb-fieldset vfb-fieldset-1 submit-request \" id=\"item-vfb-1\"><div class=\"vfb-legend\"><h3>Submit Request<\/h3><\/div><ul class=\"vfb-section vfb-section-1\"><li class=\"vfb-item vfb-item-text  \" id=\"item-vfb-52\"><label for=\"vfb-52\" class=\"vfb-desc\">Your Name  <span class=\"vfb-required-asterisk\">*<\/span><\/label><span class=\"vfb-span\"><input type=\"text\" name=\"vfb-52\" id=\"vfb-52\" value=\"\" class=\"vfb-text  vfb-medium  required  \" \/><label>Giving us your full name makes it easier to help with account questions.<\/label><\/span><\/li><li class=\"vfb-item vfb-item-email  \" id=\"item-vfb-10\"><label for=\"vfb-10\" class=\"vfb-desc\">Your Email Address  <span class=\"vfb-required-asterisk\">*<\/span><\/label><span class=\"vfb-span\"><input type=\"email\" name=\"vfb-10\" id=\"vfb-10\" value=\"\" class=\"vfb-text  vfb-medium  required  email \" \/><label>Please use the email address associated with your MediaHint account if possible.<\/label><\/span><\/li><li class=\"vfb-item vfb-item-text  \" id=\"item-vfb-5\"><label for=\"vfb-5\" class=\"vfb-desc\">Name of service or channel you would like Media Hint to support:  <span class=\"vfb-required-asterisk\">*<\/span><\/label><input type=\"text\" name=\"vfb-5\" id=\"vfb-5\" value=\"\" class=\"vfb-text  vfb-medium  required  \" \/><\/li><li class=\"vfb-item vfb-item-text  \" id=\"item-vfb-21\"><label for=\"vfb-21\" class=\"vfb-desc\">URL of service or channel you would like MediaHint to support:  <span class=\"vfb-required-asterisk\">*<\/span><\/label><input type=\"text\" name=\"vfb-21\" id=\"vfb-21\" value=\"\" class=\"vfb-text  vfb-medium  required  \" \/><\/li><li class=\"vfb-item vfb-item-text  \" id=\"item-vfb-6\"><label for=\"vfb-6\" class=\"vfb-desc\">What country is this service based in?  <span class=\"vfb-required-asterisk\">*<\/span><\/label><input type=\"text\" name=\"vfb-6\" id=\"vfb-6\" value=\"\" class=\"vfb-text  vfb-medium  required  \" \/><\/li><li class=\"vfb-item vfb-item-text  \" id=\"item-vfb-7\"><label for=\"vfb-7\" class=\"vfb-desc\">What country or countries do you want to use this service in?  <span class=\"vfb-required-asterisk\">*<\/span><\/label><input type=\"text\" name=\"vfb-7\" id=\"vfb-7\" value=\"\" class=\"vfb-text  vfb-medium  required  \" \/><\/li><li class=\"vfb-item vfb-item-textarea  \" id=\"item-vfb-9\"><label for=\"vfb-9\" class=\"vfb-desc\">Additional questions or comments: <\/label><div><textarea name=\"vfb-9\" id=\"vfb-9\" class=\"vfb-textarea  vfb-medium  \"><\/textarea><\/div><\/li><\/ul>&nbsp;<\/fieldset><fieldset class=\"vfb-fieldset vfb-fieldset-2 please-verify-youre-human-then-submit-your-request \" id=\"item-vfb-2\" style=\"display:block\"><div class=\"vfb-legend\"><h3>Please verify you&#039;re human, then submit your request.<\/h3><\/div><ul class=\"vfb-section vfb-section-2\"><li class=\"vfb-item vfb-item-secret\"  style=\"display:block\"><label for=\"vfb-3\" class=\"vfb-desc\">Please enter any two digits <span class=\"vfb-required-asterisk\">*<\/span><\/label><input type=\"hidden\" name=\"_vfb-secret\" value=\"vfb-3\" \/><span class=\"vfb-span\"><input type=\"text\" name=\"vfb-3\" id=\"vfb-3\" value=\"\" class=\"vfb-text  vfb-medium  required {digits:true,maxlength:2,minlength:2} \" style=\"display:block\" \/><label>Example: 12<\/label><\/span><li style=\"display:none;\"><label>This box is for spam protection - &lt;strong&gt;please leave it blank&lt;\/strong&gt;:<\/label><div><input name=\"vfb-spam\" \/><\/div><\/li>\n\t\t\t<li class=\"vfb-item vfb-item-submit\" id=\"item-vfb-4\">\n\t\t\t\t<input type=\"submit\" name=\"vfb-submit\" id=\"vfb-4\" value=\"Submit\" class=\"vfb-submit \" \/>\n\t\t\t\t<\/li><\/ul>\n\t\t\t<\/fieldset><input type=\"hidden\" name=\"_wp_http_referer\" value=\"\/support\/pt-br\/wp-json\/wp\/v2\/pages\/870\" \/><\/form><\/div> <!-- .visual-form-builder-container -->\n","protected":false},"excerpt":{"rendered":"<p>Voc\u00ea gostaria que o Media Hint desse suporte a algum canal ou servi\u00e7o? Estamos sempre aceitando sugest\u00f5es! Fale conosco e vamos ver o que podemos fazer. \u00a0<\/p>\n","protected":false},"author":1,"featured_media":0,"parent":0,"menu_order":0,"comment_status":"closed","ping_status":"closed","template":"","meta":{"footnotes":"","_links_to":"","_links_to_target":""},"class_list":["post-870","page","type-page","status-publish","hentry"],"yoast_head":"<!-- This site is optimized with the Yoast SEO plugin v27.2 - https:\/\/yoast.com\/product\/yoast-seo-wordpress\/ -->\n<title>Solicitar um Canal - Media Hint Support<\/title>\n<meta name=\"robots\" content=\"index, follow, max-snippet:-1, max-image-preview:large, max-video-preview:-1\" \/>\n<link rel=\"canonical\" href=\"https:\/\/mediahint.support\/support\/pt-br\/solicitar-um-canal\" \/>\n<meta property=\"og:locale\" content=\"pt_BR\" \/>\n<meta property=\"og:type\" content=\"article\" \/>\n<meta property=\"og:title\" content=\"Solicitar um Canal - Media Hint Support\" \/>\n<meta property=\"og:description\" content=\"Voc\u00ea gostaria que o Media Hint desse suporte a algum canal ou servi\u00e7o? Estamos sempre aceitando sugest\u00f5es! Fale conosco e vamos ver o que podemos fazer. \u00a0\" \/>\n<meta property=\"og:url\" content=\"https:\/\/mediahint.support\/support\/pt-br\/solicitar-um-canal\" \/>\n<meta property=\"og:site_name\" content=\"Media Hint Support\" \/>\n<script type=\"application\/ld+json\" class=\"yoast-schema-graph\">{\"@context\":\"https:\/\/schema.org\",\"@graph\":[{\"@type\":\"WebPage\",\"@id\":\"https:\/\/mediahint.support\/support\/pt-br\/solicitar-um-canal\",\"url\":\"https:\/\/mediahint.support\/support\/pt-br\/solicitar-um-canal\",\"name\":\"Solicitar um Canal - Media Hint Support\",\"isPartOf\":{\"@id\":\"http:\/\/mediahint.support\/support\/#website\"},\"datePublished\":\"2014-07-02T06:42:31+00:00\",\"breadcrumb\":{\"@id\":\"https:\/\/mediahint.support\/support\/pt-br\/solicitar-um-canal#breadcrumb\"},\"inLanguage\":\"pt-BR\",\"potentialAction\":[{\"@type\":\"ReadAction\",\"target\":[\"https:\/\/mediahint.support\/support\/pt-br\/solicitar-um-canal\"]}]},{\"@type\":\"BreadcrumbList\",\"@id\":\"https:\/\/mediahint.support\/support\/pt-br\/solicitar-um-canal#breadcrumb\",\"itemListElement\":[{\"@type\":\"ListItem\",\"position\":1,\"name\":\"Home\",\"item\":\"http:\/\/mediahint.support\/support\/pt-br\"},{\"@type\":\"ListItem\",\"position\":2,\"name\":\"Solicitar um Canal\"}]},{\"@type\":\"WebSite\",\"@id\":\"http:\/\/mediahint.support\/support\/#website\",\"url\":\"http:\/\/mediahint.support\/support\/\",\"name\":\"Media Hint Support\",\"description\":\"\",\"potentialAction\":[{\"@type\":\"SearchAction\",\"target\":{\"@type\":\"EntryPoint\",\"urlTemplate\":\"http:\/\/mediahint.support\/support\/?s={search_term_string}\"},\"query-input\":{\"@type\":\"PropertyValueSpecification\",\"valueRequired\":true,\"valueName\":\"search_term_string\"}}],\"inLanguage\":\"pt-BR\"}]}<\/script>\n<!-- \/ Yoast SEO plugin. -->","yoast_head_json":{"title":"Solicitar um Canal - Media Hint Support","robots":{"index":"index","follow":"follow","max-snippet":"max-snippet:-1","max-image-preview":"max-image-preview:large","max-video-preview":"max-video-preview:-1"},"canonical":"https:\/\/mediahint.support\/support\/pt-br\/solicitar-um-canal","og_locale":"pt_BR","og_type":"article","og_title":"Solicitar um Canal - Media Hint Support","og_description":"Voc\u00ea gostaria que o Media Hint desse suporte a algum canal ou servi\u00e7o? Estamos sempre aceitando sugest\u00f5es! Fale conosco e vamos ver o que podemos fazer. \u00a0","og_url":"https:\/\/mediahint.support\/support\/pt-br\/solicitar-um-canal","og_site_name":"Media Hint Support","schema":{"@context":"https:\/\/schema.org","@graph":[{"@type":"WebPage","@id":"https:\/\/mediahint.support\/support\/pt-br\/solicitar-um-canal","url":"https:\/\/mediahint.support\/support\/pt-br\/solicitar-um-canal","name":"Solicitar um Canal - Media Hint Support","isPartOf":{"@id":"http:\/\/mediahint.support\/support\/#website"},"datePublished":"2014-07-02T06:42:31+00:00","breadcrumb":{"@id":"https:\/\/mediahint.support\/support\/pt-br\/solicitar-um-canal#breadcrumb"},"inLanguage":"pt-BR","potentialAction":[{"@type":"ReadAction","target":["https:\/\/mediahint.support\/support\/pt-br\/solicitar-um-canal"]}]},{"@type":"BreadcrumbList","@id":"https:\/\/mediahint.support\/support\/pt-br\/solicitar-um-canal#breadcrumb","itemListElement":[{"@type":"ListItem","position":1,"name":"Home","item":"http:\/\/mediahint.support\/support\/pt-br"},{"@type":"ListItem","position":2,"name":"Solicitar um Canal"}]},{"@type":"WebSite","@id":"http:\/\/mediahint.support\/support\/#website","url":"http:\/\/mediahint.support\/support\/","name":"Media Hint Support","description":"","potentialAction":[{"@type":"SearchAction","target":{"@type":"EntryPoint","urlTemplate":"http:\/\/mediahint.support\/support\/?s={search_term_string}"},"query-input":{"@type":"PropertyValueSpecification","valueRequired":true,"valueName":"search_term_string"}}],"inLanguage":"pt-BR"}]}},"_links":{"self":[{"href":"http:\/\/mediahint.support\/support\/pt-br\/wp-json\/wp\/v2\/pages\/870","targetHints":{"allow":["GET"]}}],"collection":[{"href":"http:\/\/mediahint.support\/support\/pt-br\/wp-json\/wp\/v2\/pages"}],"about":[{"href":"http:\/\/mediahint.support\/support\/pt-br\/wp-json\/wp\/v2\/types\/page"}],"author":[{"embeddable":true,"href":"http:\/\/mediahint.support\/support\/pt-br\/wp-json\/wp\/v2\/users\/1"}],"replies":[{"embeddable":true,"href":"http:\/\/mediahint.support\/support\/pt-br\/wp-json\/wp\/v2\/comments?post=870"}],"version-history":[{"count":0,"href":"http:\/\/mediahint.support\/support\/pt-br\/wp-json\/wp\/v2\/pages\/870\/revisions"}],"wp:attachment":[{"href":"http:\/\/mediahint.support\/support\/pt-br\/wp-json\/wp\/v2\/media?parent=870"}],"curies":[{"name":"wp","href":"https:\/\/api.w.org\/{rel}","templated":true}]}}